{"id":38,"date":"2025-11-16T11:39:09","date_gmt":"2025-11-16T09:39:09","guid":{"rendered":"https:\/\/hofamschorrberg.de\/?page_id=38"},"modified":"2025-11-24T14:00:58","modified_gmt":"2025-11-24T12:00:58","slug":"ueber-uns","status":"publish","type":"page","link":"https:\/\/hofamschorrberg.de\/?page_id=38","title":{"rendered":"\u00dcber uns"},"content":{"rendered":"\n<p>Herzlich willkommen auf unserem Hof am Schorrberg in Bad Marienberg!<\/p>\n\n\n\n<p>Wo fr\u00fcher im Nebenerwerb K\u00fche gehalten wurden, haben wir mit unserer Familie ein neues Zuhause gefunden und einen besonderen Ort geschaffen: Hier leben wir mit unseren zwei Kindern, zwei Hunden, einer Katze, H\u00fchnern und unseren f\u00fcnf Ziegen \u2013 und \u00f6ffnen unseren Hof f\u00fcr alle, die Freude an der Begegnung mit Mensch und Tier suchen.<\/p>\n\n\n\n<p>Die Ziegen stehen im Mittelpunkt unserer tiergest\u00fctzten p\u00e4dagogischen und therapeutischen Arbeit. Mit ihrer neugierigen und eigensinnigen Art bauen sie spielend Br\u00fccken \u2013 zu Kindern, Jugendlichen und Erwachsenen. Ob beim gemeinsamen Versorgen, Spazierengehen oder einfach beim stillen Beobachten: Die Tiere schaffen Momente der Ruhe, des Vertrauens und der Verbindung.<\/p>\n\n\n\n<p>Unser Hof soll mehr sein als ein Arbeitsort \u2013 er ist ein Begegnungsort. Ein Platz, an dem sich Menschen wohlf\u00fchlen, zur Ruhe kommen und im Kontakt mit den Tieren neue Erfahrungen sammeln k\u00f6nnen. Ein Ort mit Geschichte, der mit Leben erf\u00fcllt ist.<\/p>\n\n\n\n<p>Wir freuen uns darauf, euch kennenzulernen!<\/p>\n\n\n\n<p><\/p>\n\n\n\n<figure class=\"wp-block-image aligncenter size-large is-style-rounded is-style-rounded--1\"><img loading=\"lazy\" decoding=\"async\" width=\"1024\" height=\"683\" src=\"https:\/\/hofamschorrberg.de\/wp-content\/uploads\/2025\/11\/KarodieZiegen-153-1024x683.jpg\" alt=\"\" class=\"wp-image-246\" srcset=\"https:\/\/hofamschorrberg.de\/wp-content\/uploads\/2025\/11\/KarodieZiegen-153-1024x683.jpg 1024w, https:\/\/hofamschorrberg.de\/wp-content\/uploads\/2025\/11\/KarodieZiegen-153-300x200.jpg 300w, https:\/\/hofamschorrberg.de\/wp-content\/uploads\/2025\/11\/KarodieZiegen-153-768x512.jpg 768w, https:\/\/hofamschorrberg.de\/wp-content\/uploads\/2025\/11\/KarodieZiegen-153-1536x1024.jpg 1536w, https:\/\/hofamschorrberg.de\/wp-content\/uploads\/2025\/11\/KarodieZiegen-153-2048x1365.jpg 2048w\" sizes=\"auto, (max-width: 1024px) 100vw, 1024px\" \/><\/figure>\n","protected":false},"excerpt":{"rendered":"<p>Herzlich willkommen auf unserem Hof am Schorrberg in Bad Marienberg! Wo fr\u00fcher im Nebenerwerb K\u00fche gehalten wurden, haben wir mit unserer Familie ein neues Zuhause gefunden und einen besonderen Ort geschaffen: Hier leben wir mit unseren zwei Kindern, zwei Hunden, einer Katze, H\u00fchnern und unseren f\u00fcnf Ziegen \u2013 und \u00f6ffnen unseren Hof f\u00fcr alle, die [&hellip;]<\/p>\n","protected":false},"author":1,"featured_media":0,"parent":0,"menu_order":0,"comment_status":"closed","ping_status":"closed","template":"","meta":{"advanced_seo_description":"","jetpack_seo_html_title":"","jetpack_seo_noindex":false,"footnotes":""},"class_list":["post-38","page","type-page","status-publish","hentry"],"jetpack_sharing_enabled":true,"jetpack_shortlink":"https:\/\/wp.me\/Pg0tVj-C","_links":{"self":[{"href":"https:\/\/hofamschorrberg.de\/index.php?rest_route=\/wp\/v2\/pages\/38","targetHints":{"allow":["GET"]}}],"collection":[{"href":"https:\/\/hofamschorrberg.de\/index.php?rest_route=\/wp\/v2\/pages"}],"about":[{"href":"https:\/\/hofamschorrberg.de\/index.php?rest_route=\/wp\/v2\/types\/page"}],"author":[{"embeddable":true,"href":"https:\/\/hofamschorrberg.de\/index.php?rest_route=\/wp\/v2\/users\/1"}],"replies":[{"embeddable":true,"href":"https:\/\/hofamschorrberg.de\/index.php?rest_route=%2Fwp%2Fv2%2Fcomments&post=38"}],"version-history":[{"count":5,"href":"https:\/\/hofamschorrberg.de\/index.php?rest_route=\/wp\/v2\/pages\/38\/revisions"}],"predecessor-version":[{"id":291,"href":"https:\/\/hofamschorrberg.de\/index.php?rest_route=\/wp\/v2\/pages\/38\/revisions\/291"}],"wp:attachment":[{"href":"https:\/\/hofamschorrberg.de\/index.php?rest_route=%2Fwp%2Fv2%2Fmedia&parent=38"}],"curies":[{"name":"wp","href":"https:\/\/api.w.org\/{rel}","templated":true}]}}