{"id":23,"date":"2024-08-31T10:01:17","date_gmt":"2024-08-31T10:01:17","guid":{"rendered":"https:\/\/hofamschorrberg.de\/?page_id=23"},"modified":"2025-12-02T17:04:41","modified_gmt":"2025-12-02T15:04:41","slug":"das-team","status":"publish","type":"page","link":"https:\/\/hofamschorrberg.de\/?page_id=23","title":{"rendered":"Das Team"},"content":{"rendered":"\n<div style=\"height:0px\" aria-hidden=\"true\" class=\"wp-block-spacer\"><\/div>\n\n\n\n<div class=\"wp-block-group alignwide has-global-padding is-layout-constrained wp-block-group-is-layout-constrained\">\n<p class=\"has-medium-font-size\">Think big, start small.<br>Wir sind 24 Beine und 7 Nasen.<\/p>\n\n\n\n<p><\/p>\n<\/div>\n\n\n\n<div class=\"wp-block-group alignfull has-global-padding is-layout-constrained wp-container-core-group-is-layout-b25ccd55 wp-block-group-is-layout-constrained\" style=\"margin-top:0;margin-bottom:0;padding-top:var(--wp--preset--spacing--50);padding-right:var(--wp--preset--spacing--50);padding-bottom:var(--wp--preset--spacing--50);padding-left:var(--wp--preset--spacing--50)\">\n<div class=\"wp-block-columns alignwide is-layout-flex wp-container-core-columns-is-layout-ff4b9c61 wp-block-columns-is-layout-flex\" style=\"margin-top:0;margin-bottom:0\">\n<div class=\"wp-block-column is-layout-flow wp-container-core-column-is-layout-8a368f38 wp-block-column-is-layout-flow\">\n<figure class=\"wp-block-image size-large is-style-rounded is-style-rounded--1\"><img loading=\"lazy\" decoding=\"async\" width=\"683\" height=\"1024\" src=\"https:\/\/hofamschorrberg.de\/wp-content\/uploads\/2025\/11\/KarodieZiegen-091-683x1024.jpg\" alt=\"\" class=\"wp-image-241\" style=\"aspect-ratio:1;object-fit:cover\" srcset=\"https:\/\/hofamschorrberg.de\/wp-content\/uploads\/2025\/11\/KarodieZiegen-091-683x1024.jpg 683w, https:\/\/hofamschorrberg.de\/wp-content\/uploads\/2025\/11\/KarodieZiegen-091-200x300.jpg 200w, https:\/\/hofamschorrberg.de\/wp-content\/uploads\/2025\/11\/KarodieZiegen-091-768x1152.jpg 768w, https:\/\/hofamschorrberg.de\/wp-content\/uploads\/2025\/11\/KarodieZiegen-091-1024x1536.jpg 1024w, https:\/\/hofamschorrberg.de\/wp-content\/uploads\/2025\/11\/KarodieZiegen-091-1365x2048.jpg 1365w, https:\/\/hofamschorrberg.de\/wp-content\/uploads\/2025\/11\/KarodieZiegen-091-scaled.jpg 1707w\" sizes=\"auto, (max-width: 683px) 100vw, 683px\" \/><figcaption class=\"wp-element-caption\">Elvis &#8211; unser Ziegenbock und einziger Herr der Herde. Erst zur\u00fcckhaltend, dann treu: hat man sein Vertrauen gewonnen, wird er zum treuen Begleiter.<\/figcaption><\/figure>\n\n\n\n<figure class=\"wp-block-image size-large is-style-rounded is-style-rounded--2\"><img loading=\"lazy\" decoding=\"async\" width=\"1024\" height=\"683\" src=\"https:\/\/hofamschorrberg.de\/wp-content\/uploads\/2025\/10\/KarodieZiegen-078-1024x683.jpg\" alt=\"\" class=\"wp-image-213\" style=\"aspect-ratio:1;object-fit:cover\" srcset=\"https:\/\/hofamschorrberg.de\/wp-content\/uploads\/2025\/10\/KarodieZiegen-078-1024x683.jpg 1024w, https:\/\/hofamschorrberg.de\/wp-content\/uploads\/2025\/10\/KarodieZiegen-078-300x200.jpg 300w, https:\/\/hofamschorrberg.de\/wp-content\/uploads\/2025\/10\/KarodieZiegen-078-768x512.jpg 768w, https:\/\/hofamschorrberg.de\/wp-content\/uploads\/2025\/10\/KarodieZiegen-078-1536x1024.jpg 1536w, https:\/\/hofamschorrberg.de\/wp-content\/uploads\/2025\/10\/KarodieZiegen-078-2048x1365.jpg 2048w\" sizes=\"auto, (max-width: 1024px) 100vw, 1024px\" \/><figcaption class=\"wp-element-caption\">Chantal \u2013 die wei\u00dfe deutsche Edelziege und unbestrittene Chefin der Herde. Mit ihrem ruhigen Gem\u00fct sorgt sie f\u00fcr Ordnung und Gelassenheit.<\/figcaption><\/figure>\n<\/div>\n\n\n\n<div class=\"wp-block-column is-layout-flow wp-container-core-column-is-layout-8a368f38 wp-block-column-is-layout-flow\">\n<figure class=\"wp-block-image size-large is-style-rounded is-style-rounded--3\"><img loading=\"lazy\" decoding=\"async\" width=\"1024\" height=\"683\" src=\"https:\/\/hofamschorrberg.de\/wp-content\/uploads\/2025\/10\/KarodieZiegen-159-1024x683.jpg\" alt=\"\" class=\"wp-image-227\" style=\"aspect-ratio:1;object-fit:cover\" srcset=\"https:\/\/hofamschorrberg.de\/wp-content\/uploads\/2025\/10\/KarodieZiegen-159-1024x683.jpg 1024w, https:\/\/hofamschorrberg.de\/wp-content\/uploads\/2025\/10\/KarodieZiegen-159-300x200.jpg 300w, https:\/\/hofamschorrberg.de\/wp-content\/uploads\/2025\/10\/KarodieZiegen-159-768x512.jpg 768w, https:\/\/hofamschorrberg.de\/wp-content\/uploads\/2025\/10\/KarodieZiegen-159-1536x1024.jpg 1536w, https:\/\/hofamschorrberg.de\/wp-content\/uploads\/2025\/10\/KarodieZiegen-159-2048x1365.jpg 2048w\" sizes=\"auto, (max-width: 1024px) 100vw, 1024px\" \/><figcaption class=\"wp-element-caption\">Jannis Sozialarbeiter &amp; Gestalter &#8211; Jannis bringt kreative Ideen zum Leben und sorgt daf\u00fcr, dass auf dem Hof alles l\u00e4uft. Von Zaunbau \u00fcber Landmaschinen bis zur Klauenpflege \u2013 er hat die Technik im Griff. Au\u00dferdem gestaltet er mit Herz und Verstand unsere Klausurtage und schafft R\u00e4ume f\u00fcr besondere Begegnungen.<\/figcaption><\/figure>\n\n\n\n<figure class=\"wp-block-image size-large is-style-rounded is-style-rounded--4\"><img loading=\"lazy\" decoding=\"async\" width=\"1024\" height=\"683\" src=\"https:\/\/hofamschorrberg.de\/wp-content\/uploads\/2025\/10\/KarodieZiegen-048-1024x683.jpg\" alt=\"\" class=\"wp-image-208\" style=\"aspect-ratio:1;object-fit:cover\" srcset=\"https:\/\/hofamschorrberg.de\/wp-content\/uploads\/2025\/10\/KarodieZiegen-048-1024x683.jpg 1024w, https:\/\/hofamschorrberg.de\/wp-content\/uploads\/2025\/10\/KarodieZiegen-048-300x200.jpg 300w, https:\/\/hofamschorrberg.de\/wp-content\/uploads\/2025\/10\/KarodieZiegen-048-768x512.jpg 768w, https:\/\/hofamschorrberg.de\/wp-content\/uploads\/2025\/10\/KarodieZiegen-048-1536x1024.jpg 1536w, https:\/\/hofamschorrberg.de\/wp-content\/uploads\/2025\/10\/KarodieZiegen-048-2048x1365.jpg 2048w\" sizes=\"auto, (max-width: 1024px) 100vw, 1024px\" \/><figcaption class=\"wp-element-caption\">Lutzie \u2013 unsere freche und neugierige Schwarzhalsziege, die immer mittendrin statt nur dabei ist.<\/figcaption><\/figure>\n\n\n\n<div style=\"height:0px\" aria-hidden=\"true\" class=\"wp-block-spacer\"><\/div>\n<\/div>\n\n\n\n<div class=\"wp-block-column is-layout-flow wp-container-core-column-is-layout-8a368f38 wp-block-column-is-layout-flow\">\n<figure class=\"wp-block-image size-large is-style-rounded is-style-rounded--5\"><img loading=\"lazy\" decoding=\"async\" width=\"683\" height=\"1024\" src=\"https:\/\/hofamschorrberg.de\/wp-content\/uploads\/2025\/10\/KarodieZiegen-061-683x1024.jpg\" alt=\"\" class=\"wp-image-211\" style=\"aspect-ratio:1;object-fit:cover\" srcset=\"https:\/\/hofamschorrberg.de\/wp-content\/uploads\/2025\/10\/KarodieZiegen-061-683x1024.jpg 683w, https:\/\/hofamschorrberg.de\/wp-content\/uploads\/2025\/10\/KarodieZiegen-061-200x300.jpg 200w, https:\/\/hofamschorrberg.de\/wp-content\/uploads\/2025\/10\/KarodieZiegen-061-768x1152.jpg 768w, https:\/\/hofamschorrberg.de\/wp-content\/uploads\/2025\/10\/KarodieZiegen-061-1024x1536.jpg 1024w, https:\/\/hofamschorrberg.de\/wp-content\/uploads\/2025\/10\/KarodieZiegen-061-1365x2048.jpg 1365w, https:\/\/hofamschorrberg.de\/wp-content\/uploads\/2025\/10\/KarodieZiegen-061-scaled.jpg 1707w\" sizes=\"auto, (max-width: 683px) 100vw, 683px\" \/><figcaption class=\"wp-element-caption\">Karo Sozialarbeiterin &amp; Kinderkrankenschwester  &#8211; Mit ihrer Weiterbildung in Tiergest\u00fctzter P\u00e4dagogik &amp; Therapie ist Karo das Herzst\u00fcck unserer tiergest\u00fctzten Arbeit. Sie plant und gestaltet die Interventionen und Aktivit\u00e4ten auf dem Hof, organisiert die Weidesaison und beh\u00e4lt die Gesundheit unserer Ziegen im Blick \u2013 damit sich alle wohlf\u00fchlen k\u00f6nnen.<\/figcaption><\/figure>\n\n\n\n<figure class=\"wp-block-image size-large is-style-rounded is-style-rounded--6\"><img loading=\"lazy\" decoding=\"async\" width=\"1024\" height=\"683\" src=\"https:\/\/hofamschorrberg.de\/wp-content\/uploads\/2025\/10\/KarodieZiegen-155-1024x683.jpg\" alt=\"\" class=\"wp-image-225\" style=\"aspect-ratio:1;object-fit:cover\" srcset=\"https:\/\/hofamschorrberg.de\/wp-content\/uploads\/2025\/10\/KarodieZiegen-155-1024x683.jpg 1024w, https:\/\/hofamschorrberg.de\/wp-content\/uploads\/2025\/10\/KarodieZiegen-155-300x200.jpg 300w, https:\/\/hofamschorrberg.de\/wp-content\/uploads\/2025\/10\/KarodieZiegen-155-768x512.jpg 768w, https:\/\/hofamschorrberg.de\/wp-content\/uploads\/2025\/10\/KarodieZiegen-155-1536x1024.jpg 1536w, https:\/\/hofamschorrberg.de\/wp-content\/uploads\/2025\/10\/KarodieZiegen-155-2048x1365.jpg 2048w\" sizes=\"auto, (max-width: 1024px) 100vw, 1024px\" \/><figcaption class=\"wp-element-caption\">Charlotte \u2013 die wei\u00dfe deutsche Edelziege, die Streicheleinheiten \u00fcber alles liebt. Und das l\u00e4sst sie dich auch deutlich sp\u00fcren.<\/figcaption><\/figure>\n<\/div>\n\n\n\n<div class=\"wp-block-column is-layout-flow wp-container-core-column-is-layout-8a368f38 wp-block-column-is-layout-flow\">\n<figure class=\"wp-block-image size-large is-style-rounded is-style-rounded--7\"><img loading=\"lazy\" decoding=\"async\" width=\"1024\" height=\"683\" src=\"https:\/\/hofamschorrberg.de\/wp-content\/uploads\/2025\/10\/KarodieZiegen-086-1024x683.jpg\" alt=\"\" class=\"wp-image-215\" style=\"aspect-ratio:1;object-fit:cover\" srcset=\"https:\/\/hofamschorrberg.de\/wp-content\/uploads\/2025\/10\/KarodieZiegen-086-1024x683.jpg 1024w, https:\/\/hofamschorrberg.de\/wp-content\/uploads\/2025\/10\/KarodieZiegen-086-300x200.jpg 300w, https:\/\/hofamschorrberg.de\/wp-content\/uploads\/2025\/10\/KarodieZiegen-086-768x512.jpg 768w, https:\/\/hofamschorrberg.de\/wp-content\/uploads\/2025\/10\/KarodieZiegen-086-1536x1024.jpg 1536w, https:\/\/hofamschorrberg.de\/wp-content\/uploads\/2025\/10\/KarodieZiegen-086-2048x1365.jpg 2048w\" sizes=\"auto, (max-width: 1024px) 100vw, 1024px\" \/><figcaption class=\"wp-element-caption\">Lieselotte \u2013 die Pfauenziege mit gesundem Misstrauen. Sie beobachtet lieber aus sicherer Entfernung \u2013 und das ist v\u00f6llig in Ordnung.<\/figcaption><\/figure>\n<\/div>\n<\/div>\n<\/div>\n\n\n\n<p><\/p>\n","protected":false},"excerpt":{"rendered":"<p>Think big, start small.Wir sind 24 Beine und 7 Nasen.<\/p>\n","protected":false},"author":1,"featured_media":0,"parent":0,"menu_order":0,"comment_status":"closed","ping_status":"closed","template":"","meta":{"advanced_seo_description":"","jetpack_seo_html_title":"","jetpack_seo_noindex":false,"footnotes":""},"class_list":["post-23","page","type-page","status-publish","hentry"],"jetpack_sharing_enabled":true,"jetpack_shortlink":"https:\/\/wp.me\/Pg0tVj-n","_links":{"self":[{"href":"https:\/\/hofamschorrberg.de\/index.php?rest_route=\/wp\/v2\/pages\/23","targetHints":{"allow":["GET"]}}],"collection":[{"href":"https:\/\/hofamschorrberg.de\/index.php?rest_route=\/wp\/v2\/pages"}],"about":[{"href":"https:\/\/hofamschorrberg.de\/index.php?rest_route=\/wp\/v2\/types\/page"}],"author":[{"embeddable":true,"href":"https:\/\/hofamschorrberg.de\/index.php?rest_route=\/wp\/v2\/users\/1"}],"replies":[{"embeddable":true,"href":"https:\/\/hofamschorrberg.de\/index.php?rest_route=%2Fwp%2Fv2%2Fcomments&post=23"}],"version-history":[{"count":26,"href":"https:\/\/hofamschorrberg.de\/index.php?rest_route=\/wp\/v2\/pages\/23\/revisions"}],"predecessor-version":[{"id":294,"href":"https:\/\/hofamschorrberg.de\/index.php?rest_route=\/wp\/v2\/pages\/23\/revisions\/294"}],"wp:attachment":[{"href":"https:\/\/hofamschorrberg.de\/index.php?rest_route=%2Fwp%2Fv2%2Fmedia&parent=23"}],"curies":[{"name":"wp","href":"https:\/\/api.w.org\/{rel}","templated":true}]}}