{"id":187,"date":"2025-11-16T08:54:29","date_gmt":"2025-11-16T06:54:29","guid":{"rendered":"https:\/\/hofamschorrberg.de\/?page_id=187"},"modified":"2026-04-27T20:56:18","modified_gmt":"2026-04-27T18:56:18","slug":"fragen-antworten","status":"publish","type":"page","link":"https:\/\/hofamschorrberg.de\/?page_id=187","title":{"rendered":"Fragen &amp; Antworten"},"content":{"rendered":"\n<div class=\"wp-block-group alignwide is-vertical is-layout-flex wp-container-core-group-is-layout-fe9cc265 wp-block-group-is-layout-flex\">\n<h1 class=\"wp-block-heading alignwide has-xx-large-font-size\" style=\"line-height:1.2\"><strong>F\u00fcr wen ist Tiergest\u00fctzte Arbeit geeignet?<\/strong><\/h1>\n\n\n\n<p>F\u00fcr <strong>Kleingruppen<\/strong> die Interesse an p\u00e4dagogischen Angeboten mit Ziegen haben und mit der Natur in Verbindung kommen m\u00f6chten.<\/p>\n\n\n\n<p>F\u00fcr <strong>Kinder\/Jugendliche mit F\u00f6rderbedarf im sozial-emotionalen Bereich <\/strong>z.B. aufgrund von \u00c4ngsten, Bindungsst\u00f6rungen, Unsicherheiten im Sozialverhalten, depressiven Stimmungen, Autismus, ADHS.<\/p>\n\n\n\n<p>F\u00fcr <strong>Senioren<\/strong>, die fit bleiben m\u00f6chten.<\/p>\n\n\n\n<p>F\u00fcr <strong>Erwachsene mit besonderen Bed\u00fcrfnissen <\/strong>z.B. Personen, die schwere Schicksalsschl\u00e4ge erlebt haben, Angeh\u00f6rige von schwer kranken Personen, Personen, die sich in schwierigen Lebenslagen befinden oder unter einer Form sozialer Ausgrenzung leiden.<\/p>\n\n\n\n<p>F\u00fcr <strong>soziale Einrichtungen <\/strong>die neue Erfahrungs\u00e4ume mit ihren KlientInnen suchen.<\/p>\n\n\n\n<p><\/p>\n\n\n\n<h1 class=\"wp-block-heading\"><strong>Was sind allgemeine Ziele der Tiergest\u00fctzten Intervention?<\/strong><\/h1>\n\n\n\n<p>Sie orientieren sich stets an den Bed\u00fcrfnissen, Ressourcen, W\u00fcnschen und am F\u00f6rderbedarf der jeweiligen KlientInnen unter gleichzeitiger Ber\u00fccksichtigung des Tierwohls der eingesetzten Tiere.<\/p>\n\n\n\n<p>Beispiele k\u00f6nnen sein:<\/p>\n\n\n\n<ul class=\"wp-block-list\">\n<li>Wohlbefinden st\u00e4rken (Stressbew\u00e4ltigung, Aktivierung, Entspannung)<\/li>\n<\/ul>\n\n\n\n<ul class=\"wp-block-list\">\n<li>F\u00f6rderung der sozialen und emotionalen Kompetenz (Verantwortungsbewusstsein, Selbstwirksamkeit, Impulskontrolle, Regelbewusstsein, Ausdruck von Gef\u00fchlen, Umgang mit Gef\u00fchlen, Verbesserung der Konzentrationsf\u00e4higkeit)<\/li>\n<\/ul>\n\n\n\n<ul class=\"wp-block-list\">\n<li>Aufdeckung und St\u00e4rkung von Ressourcen<\/li>\n<\/ul>\n\n\n\n<pre class=\"wp-block-preformatted\"><\/pre>\n\n\n\n<h1 class=\"wp-block-heading\"><strong>Warum wird mit Ziegen gearbeitet?<\/strong><\/h1>\n\n\n\n<p>Ziegen sind neugierige, soziale und einf\u00fchlsame Tiere. Sie k\u00f6nnen eine besondere Beziehung zu Menschen aufbauen. Ihre nat\u00fcrliche Neugierde weckt Interesse und Freude. Ziegen k\u00f6nnen ebenso skeptisch und sturr sein. Sie leben in einer Herde, was es erm\u00f6glicht soziale Strukturen zu beobachten. Jedes Tier hat einen eigenen Charakter und ist unterschiedlich im Kontakt mit Menschen.<\/p>\n\n\n\n<h1 class=\"wp-block-heading\"><strong>Was ist der unterschied zwischen tiergest\u00fctzer intervention und tiergest\u00fctzer aktivit\u00e4t?<\/strong><\/h1>\n\n\n\n<p>Bei der Tiergest\u00fctzten Intervention werden individuelle Ziele formuliert, Einheiten geplant, dokumentiert und Fortschritte evaluiert. Die Tiergest\u00fctzte Aktivit\u00e4t ist niedrigschwellig und nicht zielgerichtet- Tiere werden eingesetzt, um Wohlbefinden, Freude und Kontakt zu f\u00f6rdern. <\/p>\n\n\n\n<h1 class=\"wp-block-heading\"><strong>Welche Kosten sind einzuplanen?<\/strong><\/h1>\n\n\n\n<p>Tiergest\u00fctze Intervention ist individuell &#8211; sie variiert in Dauer, H\u00e4ufigkeit und Zielsetzung. Gern unterbreiten wir daher nach einem unverbindlichen Erstgespr\u00e4ch ein individuelles Angebot. Wir orientieren uns dabei an 45 Euro pro Einheit \u00e0 45 Minuten. Werden zu Beginn 5 Stunden gebucht, gibt es einen Rabatt.<\/p>\n\n\n\n<p>Das Angebot f\u00fcr Gruppen mit Tiergest\u00fctzter Aktivit\u00e4t gestalten wir individuell im Zeitrahmen von 90 Minuten. Sprechen wir also zuerst unverbindlich \u00fcber die Vorstellung, dann \u00fcber die Kosten. <\/p>\n\n\n\n<p>Das Einzelsetting mit Tiergest\u00fctzer Aktivit\u00e4t liegt bei 45 Euro. <\/p>\n\n\n\n<p>Die Kosten f\u00fcr die Lesef\u00f6rderung (30 Minuten) betragen 20 Euro.<\/p>\n\n\n\n<p>Eine Eltern- Kind- Zeit kostet 75 Euro.<\/p>\n\n\n\n<p>Die Kosten f\u00fcr das Angebot f\u00fcr soziale Einrichtungen (2 Personen\/30 Minuten) betragen 20 Euro.<\/p>\n\n\n\n<p>Menschen mit Behinderung k\u00f6nnen ein <a href=\"https:\/\/mastd.rlp.de\/themen\/soziales\/teilhabe-und-inklusion\/teilhabe\/persoenliches-budget\" data-type=\"link\" data-id=\"https:\/\/mastd.rlp.de\/themen\/soziales\/teilhabe-und-inklusion\/teilhabe\/persoenliches-budget\">Pers\u00f6nliches Budget<\/a> beantragen und mit Geldleistungen eigenst\u00e4ndig Leistungen zur Teilhabe finanzieren.<\/p>\n\n\n\n<p>Klausurtage auf unserem Hof kosten ohne professionelle Begleitung 150 Euro (4h) mit professioneller Begleitung 350 Euro Wasser, Tee und Kaffee inkl. (wetterabh\u00e4ngig)<\/p>\n\n\n\n<p>Leider wird die Tiergest\u00fctzte Arbeit noch nicht von deutschen Krankenkassen \u00fcbernommen.<\/p>\n<\/div>\n\n\n\n<p><\/p>\n","protected":false},"excerpt":{"rendered":"<p>F\u00fcr wen ist Tiergest\u00fctzte Arbeit geeignet? F\u00fcr Kleingruppen die Interesse an p\u00e4dagogischen Angeboten mit Ziegen haben und mit der Natur in Verbindung kommen m\u00f6chten. F\u00fcr Kinder\/Jugendliche mit F\u00f6rderbedarf im sozial-emotionalen Bereich z.B. aufgrund von \u00c4ngsten, Bindungsst\u00f6rungen, Unsicherheiten im Sozialverhalten, depressiven Stimmungen, Autismus, ADHS. F\u00fcr Senioren, die fit bleiben m\u00f6chten. F\u00fcr Erwachsene mit besonderen Bed\u00fcrfnissen z.B. [&hellip;]<\/p>\n","protected":false},"author":2,"featured_media":218,"parent":0,"menu_order":0,"comment_status":"closed","ping_status":"closed","template":"","meta":{"advanced_seo_description":"","jetpack_seo_html_title":"","jetpack_seo_noindex":false,"footnotes":""},"class_list":["post-187","page","type-page","status-publish","has-post-thumbnail","hentry"],"jetpack_sharing_enabled":true,"jetpack_shortlink":"https:\/\/wp.me\/Pg0tVj-31","_links":{"self":[{"href":"https:\/\/hofamschorrberg.de\/index.php?rest_route=\/wp\/v2\/pages\/187","targetHints":{"allow":["GET"]}}],"collection":[{"href":"https:\/\/hofamschorrberg.de\/index.php?rest_route=\/wp\/v2\/pages"}],"about":[{"href":"https:\/\/hofamschorrberg.de\/index.php?rest_route=\/wp\/v2\/types\/page"}],"author":[{"embeddable":true,"href":"https:\/\/hofamschorrberg.de\/index.php?rest_route=\/wp\/v2\/users\/2"}],"replies":[{"embeddable":true,"href":"https:\/\/hofamschorrberg.de\/index.php?rest_route=%2Fwp%2Fv2%2Fcomments&post=187"}],"version-history":[{"count":10,"href":"https:\/\/hofamschorrberg.de\/index.php?rest_route=\/wp\/v2\/pages\/187\/revisions"}],"predecessor-version":[{"id":336,"href":"https:\/\/hofamschorrberg.de\/index.php?rest_route=\/wp\/v2\/pages\/187\/revisions\/336"}],"wp:featuredmedia":[{"embeddable":true,"href":"https:\/\/hofamschorrberg.de\/index.php?rest_route=\/wp\/v2\/media\/218"}],"wp:attachment":[{"href":"https:\/\/hofamschorrberg.de\/index.php?rest_route=%2Fwp%2Fv2%2Fmedia&parent=187"}],"curies":[{"name":"wp","href":"https:\/\/api.w.org\/{rel}","templated":true}]}}