{"id":112,"date":"2024-12-06T22:11:46","date_gmt":"2024-12-06T22:11:46","guid":{"rendered":"https:\/\/hofamschorrberg.de\/?page_id=112"},"modified":"2026-04-29T10:56:16","modified_gmt":"2026-04-29T08:56:16","slug":"unser-angebot","status":"publish","type":"page","link":"https:\/\/hofamschorrberg.de\/?page_id=112","title":{"rendered":"Unser Angebot"},"content":{"rendered":"\n<h1 class=\"wp-block-heading has-text-align-center\"><strong>Tiergest\u00fctzte Intervention<\/strong> (Einzelf\u00f6rderung)<\/h1>\n\n\n\n<p><\/p>\n\n\n\n<p><strong>Individuelle Einzelsitzungen<\/strong><br>Jede Einheit wird auf die jeweiligen Bed\u00fcrfnisse zugeschnitten. Tiergest\u00fctzte Intervention ist dabei viel mehr als nur Streicheln: Sie umfasst alle Methoden, bei denen mit Tieren interagiert, \u00fcber Tiere kommuniziert oder man f\u00fcr Tiere t\u00e4tig wird. <\/p>\n\n\n\n<p>Wir erarbeiten gemeinsam individuelle Ziele.<\/p>\n\n\n\n<p><strong>Vielf\u00e4ltige Methoden<\/strong><br>Das k\u00f6nnen sein: Putzen und Streicheln der Tiere, Futtervorbereitung und Beobachtungs\u00fcbungen \u2013 aber auch kreative Angebote wie Malen, Basteln mit Naturmaterialien, Arbeit mit Gef\u00fchlskarten oder Bewegungs\u00fcbungen.<\/p>\n\n\n\n<p><strong>Nachhaltiger Erfolg<\/strong><br>Durch \u201eHausaufgaben&#8220; kann das Gelernte in den Alltag \u00fcbertragen werden. Auf Wunsch binden wir auch Angeh\u00f6rige aktiv ein. Alle Ziele und Fortschritte werden dokumentiert, sodass wir den Prozess gemeinsam evaluieren und anpassen k\u00f6nnen.<\/p>\n\n\n\n<p><\/p>\n\n\n\n<h1 class=\"wp-block-heading has-text-align-center\"><strong>Einzelsetting und Kleingruppenarbeit  <\/strong><br><strong>mit Tiergest\u00fctzten Aktivit\u00e4ten <\/strong><\/h1>\n\n\n\n<p>Wir verbinden Tierkontakt mit spielerischem Lernen. Die Teilnehmenden erfahren altersgerecht Wissenswertes \u00fcber die Tierart, ihre artgerechte Haltung und den respektvollen Umgang mit ihr.<\/p>\n\n\n\n<p><strong>Lernen mit allen Sinnen<\/strong><br>Im Mittelpunkt steht das Kennenlernen der artspezifischen Bed\u00fcrfnisse und ein achtsamer Umgang mit den Tieren. Wir wecken Freude und Neugierde am Umgang mit Tieren und der Natur.<\/p>\n\n\n\n<p>Neben dem direkten Tierkontakt geh\u00f6ren auch Sinneserfahrungen, Bewegungsspiele und kreatives Gestalten zum Programm. Als sch\u00f6ne Erinnerung k\u00f6nnen die Kinder beispielsweise ein Heus\u00e4ckchen gestalten und mit nach Hause nehmen.<\/p>\n\n\n\n<p><\/p>\n\n\n\n<h1 class=\"wp-block-heading has-text-align-center\"><strong>Tiergest\u00fctzte Lesef\u00f6rderung<\/strong><\/h1>\n\n\n\n<p>Tiere bewerten nicht, sie h\u00f6ren einfach zu. In unserer Lesef\u00f6rderung (f\u00fcr Kinder der 2.\u20135. Klasse) d\u00fcrfen Kinder ihrem tierischen Lesepartner in Ruhe vorlesen \u2013 ganz ohne Leistungsdruck.<\/p>\n\n\n\n<p><strong>Entspannt lesen lernen<\/strong><br>Die beruhigende Anwesenheit der Tiere nimmt Stress und Anspannung. Die Kinder gewinnen Selbstvertrauen, lesen lieber und verbessern spielerisch ihre Lesekompetenz. Thematische Lesespiele runden das Angebot ab.<\/p>\n\n\n\n<figure class=\"wp-block-image aligncenter size-large is-style-rounded is-style-rounded--1\"><img loading=\"lazy\" decoding=\"async\" width=\"1024\" height=\"683\" src=\"https:\/\/hofamschorrberg.de\/wp-content\/uploads\/2025\/11\/KarodieZiegen-122-1024x683.jpg\" alt=\"\" class=\"wp-image-268\" srcset=\"https:\/\/hofamschorrberg.de\/wp-content\/uploads\/2025\/11\/KarodieZiegen-122-1024x683.jpg 1024w, https:\/\/hofamschorrberg.de\/wp-content\/uploads\/2025\/11\/KarodieZiegen-122-300x200.jpg 300w, https:\/\/hofamschorrberg.de\/wp-content\/uploads\/2025\/11\/KarodieZiegen-122-768x512.jpg 768w, https:\/\/hofamschorrberg.de\/wp-content\/uploads\/2025\/11\/KarodieZiegen-122-1536x1024.jpg 1536w, https:\/\/hofamschorrberg.de\/wp-content\/uploads\/2025\/11\/KarodieZiegen-122-2048x1365.jpg 2048w\" sizes=\"auto, (max-width: 1024px) 100vw, 1024px\" \/><\/figure>\n\n\n\n<p><\/p>\n\n\n\n<h1 class=\"wp-block-heading has-text-align-center\"><strong>Eltern- Kind -Zeit <\/strong><\/h1>\n\n\n\n<p class=\"has-text-align-center\">Ziegen- Zeit f\u00fcr Eltern und Kind. Manchmal braucht es einfach einen Moment f\u00fcr sich. Keine Ablenkungen, kein Stress. Nur ihr, die Ziegen und der Moment. Einen Rahmen in dem Verbindung wachsen darf- \u00fcber gemeinsames Erleben, Lachen und Stille.<\/p>\n\n\n\n<p class=\"has-text-align-center\"><\/p>\n\n\n\n<h1 class=\"wp-block-heading has-text-align-center\"><strong>Angebote f\u00fcr soziale Einrichtungen<\/strong><\/h1>\n\n\n\n<p>Eine Bereicherung f\u00fcr den Betreuungsalltag: Unsere tiergest\u00fctzten Aktivit\u00e4ten schaffen neue Begegnungsr\u00e4ume. Gemeinsam striegeln, streicheln, beobachten \u2013 der Tierkontakt wirkt als nat\u00fcrlicher T\u00fcr\u00f6ffner f\u00fcr Gespr\u00e4che und Emotionen.<\/p>\n\n\n\n<p><strong>Professionell begleitet, individuell gestaltet<\/strong><br>In naturverbundener Atmosph\u00e4re erleben Betreuende und Klienten Abwechslung vom Alltag. Die beruhigende Wirkung der Tiere f\u00fcr entspannte Gespr\u00e4che oder intensive Sinneserfahrungen nutzen. Wir begleiten fachlich und passen jede Einheit an die Bed\u00fcrfnisse an.<\/p>\n\n\n\n<p><\/p>\n\n\n\n<h1 class=\"wp-block-heading has-text-align-center\"><strong>Klausurtag<\/strong><\/h1>\n\n\n\n<p>Den n\u00e4chsten Klausurtag auf unseren Hof verlegen und den Konferenzraum gegen Natur tauschen. In der inspirierenden Umgebung von Tier und Natur gemeinsam im Team neue Perspektiven, besprechen wichtige Themen entwickeln und frische Impulse gewinnen.<\/p>\n\n\n\n<p><strong>Professionelle Begleitung nach Ihrem Bedarf<\/strong><br>Auf Wunsch moderieren und begleiten wir den Klausurtag fachlich \u2013 ob bei Teamfindung, strategischer Planung oder Ideenentwicklung. Wir unterst\u00fctzen dabei Ziele zu erreichen und das Besondere dieser Umgebung optimal zu nutzen.<\/p>\n\n\n\n<p>Von Mai- September (derzeit noch wetterabh\u00e4ngig)<\/p>\n\n\n\n<p><\/p>\n\n\n\n<h1 class=\"wp-block-heading has-text-align-center\"><strong>Gutscheine<\/strong><\/h1>\n\n\n\n<p>Ein Geschenk mit Herz gesucht? Ob ein gem\u00fctlicher Tierspaziergang, entspanntes Verweilen auf der Ziegenweide oder erste Kontakte zu unseren tierischen Hofbewohnern \u2013 hier entstehen besondere Momente. Perfekt f\u00fcr jeden Anlass oder  um einfach mal Danke zu sagen.<\/p>\n\n\n\n<div class=\"wp-block-columns is-layout-flex wp-container-core-columns-is-layout-28f84493 wp-block-columns-is-layout-flex\">\n<div class=\"wp-block-column is-layout-flow wp-block-column-is-layout-flow\" style=\"flex-basis:100%\"><\/div>\n<\/div>\n\n\n\n<p><\/p>\n\n\n\n<p><\/p>\n\n\n\n<p><\/p>\n","protected":false},"excerpt":{"rendered":"<p>Tiergest\u00fctzte Intervention (Einzelf\u00f6rderung) Individuelle EinzelsitzungenJede Einheit wird auf die jeweiligen Bed\u00fcrfnisse zugeschnitten. Tiergest\u00fctzte Intervention ist dabei viel mehr als nur Streicheln: Sie umfasst alle Methoden, bei denen mit Tieren interagiert, \u00fcber Tiere kommuniziert oder man f\u00fcr Tiere t\u00e4tig wird. Wir erarbeiten gemeinsam individuelle Ziele. Vielf\u00e4ltige MethodenDas k\u00f6nnen sein: Putzen und Streicheln der Tiere, Futtervorbereitung und [&hellip;]<\/p>\n","protected":false},"author":1,"featured_media":221,"parent":0,"menu_order":0,"comment_status":"open","ping_status":"closed","template":"","meta":{"advanced_seo_description":"","jetpack_seo_html_title":"","jetpack_seo_noindex":false,"footnotes":""},"class_list":["post-112","page","type-page","status-publish","has-post-thumbnail","hentry"],"jetpack_sharing_enabled":true,"jetpack_shortlink":"https:\/\/wp.me\/Pg0tVj-1O","_links":{"self":[{"href":"https:\/\/hofamschorrberg.de\/index.php?rest_route=\/wp\/v2\/pages\/112","targetHints":{"allow":["GET"]}}],"collection":[{"href":"https:\/\/hofamschorrberg.de\/index.php?rest_route=\/wp\/v2\/pages"}],"about":[{"href":"https:\/\/hofamschorrberg.de\/index.php?rest_route=\/wp\/v2\/types\/page"}],"author":[{"embeddable":true,"href":"https:\/\/hofamschorrberg.de\/index.php?rest_route=\/wp\/v2\/users\/1"}],"replies":[{"embeddable":true,"href":"https:\/\/hofamschorrberg.de\/index.php?rest_route=%2Fwp%2Fv2%2Fcomments&post=112"}],"version-history":[{"count":25,"href":"https:\/\/hofamschorrberg.de\/index.php?rest_route=\/wp\/v2\/pages\/112\/revisions"}],"predecessor-version":[{"id":338,"href":"https:\/\/hofamschorrberg.de\/index.php?rest_route=\/wp\/v2\/pages\/112\/revisions\/338"}],"wp:featuredmedia":[{"embeddable":true,"href":"https:\/\/hofamschorrberg.de\/index.php?rest_route=\/wp\/v2\/media\/221"}],"wp:attachment":[{"href":"https:\/\/hofamschorrberg.de\/index.php?rest_route=%2Fwp%2Fv2%2Fmedia&parent=112"}],"curies":[{"name":"wp","href":"https:\/\/api.w.org\/{rel}","templated":true}]}}